{"id":2025,"date":"2024-01-11T15:23:59","date_gmt":"2024-01-11T15:23:59","guid":{"rendered":"https:\/\/www.bedsrevenue.com\/aviso-legal\/"},"modified":"2024-02-14T09:02:09","modified_gmt":"2024-02-14T09:02:09","slug":"aviso-legal","status":"publish","type":"page","link":"https:\/\/www.bedsrevenue.com\/pt-pt\/aviso-legal\/","title":{"rendered":"Aviso Legal"},"content":{"rendered":"\t\t<div data-elementor-type=\"wp-page\" data-elementor-id=\"2025\" class=\"elementor elementor-2025 elementor-1324\" data-elementor-post-type=\"page\">\n\t\t\t\t<div class=\"elementor-element elementor-element-41687f1 e-flex e-con-boxed e-con e-parent\" data-id=\"41687f1\" data-element_type=\"container\" data-settings=\"{&quot;background_background&quot;:&quot;classic&quot;,&quot;content_width&quot;:&quot;boxed&quot;}\" data-core-v316-plus=\"true\">\n\t\t\t\t\t<div class=\"e-con-inner\">\n\t\t<div class=\"elementor-element elementor-element-73601b0 e-flex e-con-boxed e-con e-child\" data-id=\"73601b0\" data-element_type=\"container\" data-settings=\"{&quot;content_width&quot;:&quot;boxed&quot;}\">\n\t\t\t\t\t<div class=\"e-con-inner\">\n\t\t\t\t<div class=\"elementor-element elementor-element-a6651a5 elementor-widget elementor-widget-heading\" data-id=\"a6651a5\" data-element_type=\"widget\" data-widget_type=\"heading.default\">\n\t\t\t\t<div class=\"elementor-widget-container\">\n\t\t\t<style>\/*! elementor - v3.19.0 - 28-02-2024 *\/\n.elementor-heading-title{padding:0;margin:0;line-height:1}.elementor-widget-heading .elementor-heading-title[class*=elementor-size-]>a{color:inherit;font-size:inherit;line-height:inherit}.elementor-widget-heading .elementor-heading-title.elementor-size-small{font-size:15px}.elementor-widget-heading .elementor-heading-title.elementor-size-medium{font-size:19px}.elementor-widget-heading .elementor-heading-title.elementor-size-large{font-size:29px}.elementor-widget-heading .elementor-heading-title.elementor-size-xl{font-size:39px}.elementor-widget-heading .elementor-heading-title.elementor-size-xxl{font-size:59px}<\/style><h2 class=\"elementor-heading-title elementor-size-default\">Aviso Legal<\/h2>\t\t<\/div>\n\t\t\t\t<\/div>\n\t\t\t\t\t<\/div>\n\t\t\t\t<\/div>\n\t\t\t\t\t<\/div>\n\t\t\t\t<\/div>\n\t\t<div class=\"elementor-element elementor-element-b710f61 e-flex e-con-boxed e-con e-parent\" data-id=\"b710f61\" data-element_type=\"container\" data-settings=\"{&quot;content_width&quot;:&quot;boxed&quot;}\" data-core-v316-plus=\"true\">\n\t\t\t\t\t<div class=\"e-con-inner\">\n\t\t<div class=\"elementor-element elementor-element-61fb30a e-flex e-con-boxed e-con e-child\" data-id=\"61fb30a\" data-element_type=\"container\" data-settings=\"{&quot;content_width&quot;:&quot;boxed&quot;}\">\n\t\t\t\t\t<div class=\"e-con-inner\">\n\t\t\t\t<div class=\"elementor-element elementor-element-383464d elementor-widget elementor-widget-text-editor\" data-id=\"383464d\" data-element_type=\"widget\" data-widget_type=\"text-editor.default\">\n\t\t\t\t<div class=\"elementor-widget-container\">\n\t\t\t<style>\/*! elementor - v3.19.0 - 28-02-2024 *\/\n.elementor-widget-text-editor.elementor-drop-cap-view-stacked .elementor-drop-cap{background-color:#69727d;color:#fff}.elementor-widget-text-editor.elementor-drop-cap-view-framed .elementor-drop-cap{color:#69727d;border:3px solid;background-color:transparent}.elementor-widget-text-editor:not(.elementor-drop-cap-view-default) .elementor-drop-cap{margin-top:8px}.elementor-widget-text-editor:not(.elementor-drop-cap-view-default) .elementor-drop-cap-letter{width:1em;height:1em}.elementor-widget-text-editor .elementor-drop-cap{float:left;text-align:center;line-height:1;font-size:50px}.elementor-widget-text-editor .elementor-drop-cap-letter{display:inline-block}<\/style>\t\t\t\t<p>Este aviso legal estabelece os termos e condi\u00e7\u00f5es de utiliza\u00e7\u00e3o do site <a href=\"https:\/\/www.bedsrevenue.com\/pt-pt\/\" target=\"_new\">&#8220;https:\/\/www.bedsrevenue.com\/&#8221;<\/a> (doravante, o &#8220;Site&#8221;). Ao acessar e utilizar este Site, voc\u00ea aceita e concorda em cumprir estes termos e condi\u00e7\u00f5es. Se voc\u00ea n\u00e3o concorda com estes termos, por favor n\u00e3o use este site.<\/p>\n<ol>\n<li>\n<p>Propriedade Intelectual Todo o conte\u00fado, design, gr\u00e1ficos, logotipos, textos, imagens e outros materiais presentes no Site s\u00e3o protegidos por direitos autorais e outros direitos de propriedade intelectual e s\u00e3o de propriedade exclusiva da \u201cBeds Revenue\u201d ou de terceiros licenciados. Qualquer reprodu\u00e7\u00e3o, distribui\u00e7\u00e3o, modifica\u00e7\u00e3o ou utiliza\u00e7\u00e3o destes materiais sem o consentimento pr\u00e9vio por escrito da &#8220;Beds Revenue&#8221; ou de outros detentores de direitos \u00e9 estritamente proibida.<\/p>\n<\/li>\n<li>\n<p>Utiliza\u00e7\u00e3o do Site A utiliza\u00e7\u00e3o deste Site \u00e9 da exclusiva responsabilidade do utilizador. Voc\u00ea concorda em usar o Site de acordo com todas as leis e regulamentos aplic\u00e1veis, bem como estes termos e condi\u00e7\u00f5es. \u00c9 proibido utilizar o Site para fins ilegais ou n\u00e3o autorizados.<\/p>\n<\/li>\n<li>\n<p>Responsabilidade A \u201cBeds Revenue\u201d n\u00e3o se responsabiliza por quaisquer danos ou perdas que possam surgir da utiliza\u00e7\u00e3o do Site ou das informa\u00e7\u00f5es nele contidas. O Site \u00e9 fornecido &#8220;como est\u00e1&#8221; e &#8220;conforme dispon\u00edvel&#8221;, sem garantias de qualquer tipo, expressas ou impl\u00edcitas.<\/p>\n<\/li>\n<li>\n<p>Links para terceiros Este site pode conter links para sites de terceiros. Esses links s\u00e3o fornecidos exclusivamente para sua conveni\u00eancia e n\u00e3o implicam o endosso ou responsabilidade da \u201cBeds Revenue\u201d pelo conte\u00fado de tais sites. Recomendamos que voc\u00ea revise as pol\u00edticas de privacidade e os termos de uso de qualquer site que voc\u00ea acesse atrav\u00e9s de links do nosso Site.<\/p>\n<\/li>\n<li>\n<p>Modifica\u00e7\u00f5es &#8220;Beds Revenue&#8221; reserva-se o direito de modificar, atualizar ou alterar estes termos e condi\u00e7\u00f5es a qualquer momento sem aviso pr\u00e9vio. \u00c9 sua responsabilidade revisar periodicamente estes termos e condi\u00e7\u00f5es para estar ciente das atualiza\u00e7\u00f5es.<\/p>\n<\/li>\n<li>\n<p>Lei Aplic\u00e1vel Estes termos e condi\u00e7\u00f5es s\u00e3o regidos pelas leis do pa\u00eds ou jurisdi\u00e7\u00e3o relevante, e qualquer disputa que surja em conex\u00e3o com este Site estar\u00e1 sujeita \u00e0 jurisdi\u00e7\u00e3o exclusiva dos tribunais de tal jurisdi\u00e7\u00e3o.<\/p>\n<\/li>\n<\/ol>\n<p>Recomendamos que voc\u00ea consulte um advogado para adaptar este aviso legal \u00e0s necessidades espec\u00edficas do seu site e garantir o cumprimento de todas as leis e regulamentos aplic\u00e1veis. Este aviso legal \u00e9 apenas um exemplo geral e n\u00e3o constitui aconselhamento jur\u00eddico.<\/p>\t\t\t\t\t\t<\/div>\n\t\t\t\t<\/div>\n\t\t\t\t\t<\/div>\n\t\t\t\t<\/div>\n\t\t\t\t\t<\/div>\n\t\t\t\t<\/div>\n\t\t\t\t<\/div>\n\t\t","protected":false},"excerpt":{"rendered":"<p>Aviso Legal Este aviso legal estabelece os termos e condi\u00e7\u00f5es de utiliza\u00e7\u00e3o do site &#8220;https:\/\/www.bedsrevenue.com\/&#8221; (doravante, o &#8220;Site&#8221;). Ao acessar e utilizar este Site, voc\u00ea aceita e concorda em cumprir estes termos e condi\u00e7\u00f5es. Se voc\u00ea n\u00e3o concorda com estes termos, por favor n\u00e3o use este site. Propriedade Intelectual Todo o conte\u00fado, design, gr\u00e1ficos, logotipos, [&hellip;]<\/p>\n","protected":false},"author":1,"featured_media":0,"parent":0,"menu_order":0,"comment_status":"closed","ping_status":"closed","template":"","meta":{"_acf_changed":false,"footnotes":""},"acf":[],"_links":{"self":[{"href":"https:\/\/www.bedsrevenue.com\/pt-pt\/wp-json\/wp\/v2\/pages\/2025"}],"collection":[{"href":"https:\/\/www.bedsrevenue.com\/pt-pt\/wp-json\/wp\/v2\/pages"}],"about":[{"href":"https:\/\/www.bedsrevenue.com\/pt-pt\/wp-json\/wp\/v2\/types\/page"}],"author":[{"embeddable":true,"href":"https:\/\/www.bedsrevenue.com\/pt-pt\/wp-json\/wp\/v2\/users\/1"}],"replies":[{"embeddable":true,"href":"https:\/\/www.bedsrevenue.com\/pt-pt\/wp-json\/wp\/v2\/comments?post=2025"}],"version-history":[{"count":1,"href":"https:\/\/www.bedsrevenue.com\/pt-pt\/wp-json\/wp\/v2\/pages\/2025\/revisions"}],"predecessor-version":[{"id":2026,"href":"https:\/\/www.bedsrevenue.com\/pt-pt\/wp-json\/wp\/v2\/pages\/2025\/revisions\/2026"}],"wp:attachment":[{"href":"https:\/\/www.bedsrevenue.com\/pt-pt\/wp-json\/wp\/v2\/media?parent=2025"}],"curies":[{"name":"wp","href":"https:\/\/api.w.org\/{rel}","templated":true}]}}