{"id":2027,"date":"2024-01-08T16:55:18","date_gmt":"2024-01-08T16:55:18","guid":{"rendered":"https:\/\/www.bedsrevenue.com\/blogue\/"},"modified":"2024-02-25T20:44:43","modified_gmt":"2024-02-25T20:44:43","slug":"blogue","status":"publish","type":"page","link":"https:\/\/www.bedsrevenue.com\/pt-pt\/blogue\/","title":{"rendered":"Blogue"},"content":{"rendered":"\t\t<div data-elementor-type=\"wp-page\" data-elementor-id=\"2027\" class=\"elementor elementor-2027 elementor-759\" data-elementor-post-type=\"page\">\n\t\t\t\t<div class=\"elementor-element elementor-element-62fffc9 e-flex e-con-boxed e-con e-parent\" data-id=\"62fffc9\" data-element_type=\"container\" data-settings=\"{&quot;background_background&quot;:&quot;video&quot;,&quot;background_video_link&quot;:&quot;https:\\\/\\\/www.bedsrevenue.com\\\/wp-content\\\/uploads\\\/2024\\\/01\\\/Blog.webm&quot;,&quot;background_play_on_mobile&quot;:&quot;yes&quot;,&quot;content_width&quot;:&quot;boxed&quot;}\" data-core-v316-plus=\"true\">\n\t\t\t\t\t<div class=\"e-con-inner\">\n\t\t<div class=\"elementor-background-video-container\">\n\t\t\t\t\t\t\t<video class=\"elementor-background-video-hosted elementor-html5-video\" autoplay muted playsinline loop><\/video>\n\t\t\t\t\t<\/div><div class=\"elementor-element elementor-element-f116652 e-flex e-con-boxed e-con e-child\" data-id=\"f116652\" data-element_type=\"container\" data-settings=\"{&quot;content_width&quot;:&quot;boxed&quot;}\">\n\t\t\t\t\t<div class=\"e-con-inner\">\n\t\t\t\t<div class=\"elementor-element elementor-element-e33f7ae elementor-invisible elementor-widget elementor-widget-heading\" data-id=\"e33f7ae\" data-element_type=\"widget\" data-settings=\"{&quot;_animation&quot;:&quot;fadeInUp&quot;}\" data-widget_type=\"heading.default\">\n\t\t\t\t<div class=\"elementor-widget-container\">\n\t\t\t<style>\/*! elementor - v3.19.0 - 28-02-2024 *\/\n.elementor-heading-title{padding:0;margin:0;line-height:1}.elementor-widget-heading .elementor-heading-title[class*=elementor-size-]>a{color:inherit;font-size:inherit;line-height:inherit}.elementor-widget-heading .elementor-heading-title.elementor-size-small{font-size:15px}.elementor-widget-heading .elementor-heading-title.elementor-size-medium{font-size:19px}.elementor-widget-heading .elementor-heading-title.elementor-size-large{font-size:29px}.elementor-widget-heading .elementor-heading-title.elementor-size-xl{font-size:39px}.elementor-widget-heading .elementor-heading-title.elementor-size-xxl{font-size:59px}<\/style><h2 class=\"elementor-heading-title elementor-size-default\">BLOGUE<\/h2>\t\t<\/div>\n\t\t\t\t<\/div>\n\t\t\t\t\t<\/div>\n\t\t\t\t<\/div>\n\t\t\t\t\t<\/div>\n\t\t\t\t<\/div>\n\t\t<div class=\"elementor-element elementor-element-f31fcd5 e-flex e-con-boxed e-con e-parent\" data-id=\"f31fcd5\" data-element_type=\"container\" data-settings=\"{&quot;background_background&quot;:&quot;classic&quot;,&quot;content_width&quot;:&quot;boxed&quot;}\" data-core-v316-plus=\"true\">\n\t\t\t\t\t<div class=\"e-con-inner\">\n\t\t<div class=\"elementor-element elementor-element-62a0c55 e-flex e-con-boxed e-con e-child\" data-id=\"62a0c55\" data-element_type=\"container\" data-settings=\"{&quot;content_width&quot;:&quot;boxed&quot;}\">\n\t\t\t\t\t<div class=\"e-con-inner\">\n\t\t\t\t<div class=\"elementor-element elementor-element-22730c3 elementor-grid-3 elementor-grid-tablet-2 elementor-grid-mobile-1 elementor-invisible elementor-widget elementor-widget-loop-grid\" data-id=\"22730c3\" data-element_type=\"widget\" data-settings=\"{&quot;template_id&quot;:772,&quot;_animation&quot;:&quot;fadeInUp&quot;,&quot;pagination_type&quot;:&quot;load_more_infinite_scroll&quot;,&quot;_skin&quot;:&quot;post&quot;,&quot;columns&quot;:&quot;3&quot;,&quot;columns_tablet&quot;:&quot;2&quot;,&quot;columns_mobile&quot;:&quot;1&quot;,&quot;edit_handle_selector&quot;:&quot;[data-elementor-type=\\&quot;loop-item\\&quot;]&quot;,&quot;load_more_spinner&quot;:{&quot;value&quot;:&quot;fas fa-spinner&quot;,&quot;library&quot;:&quot;fa-solid&quot;},&quot;row_gap&quot;:{&quot;unit&quot;:&quot;px&quot;,&quot;size&quot;:&quot;&quot;,&quot;sizes&quot;:[]},&quot;row_gap_tablet&quot;:{&quot;unit&quot;:&quot;px&quot;,&quot;size&quot;:&quot;&quot;,&quot;sizes&quot;:[]},&quot;row_gap_mobile&quot;:{&quot;unit&quot;:&quot;px&quot;,&quot;size&quot;:&quot;&quot;,&quot;sizes&quot;:[]}}\" data-widget_type=\"loop-grid.post\">\n\t\t\t\t<div class=\"elementor-widget-container\">\n\t\t\t<link rel=\"stylesheet\" href=\"https:\/\/www.bedsrevenue.com\/wp-content\/plugins\/elementor-pro\/assets\/css\/widget-loop-builder.min.css\">\t\t<div class=\"elementor-loop-container elementor-grid\">\n\t\t<style id=\"loop-772\">.elementor-772 .elementor-element.elementor-element-6b57bd6{--display:flex;--flex-direction:column;--container-widget-width:100%;--container-widget-height:initial;--container-widget-flex-grow:0;--container-widget-align-self:initial;--gap:0px 0px;--background-transition:0.3s;}.elementor-772 .elementor-element.elementor-element-d8d3f03 img{width:100%;height:200px;object-fit:cover;object-position:center center;}.elementor-772 .elementor-element.elementor-element-b9d1ccd .elementor-heading-title{color:var( --e-global-color-text );font-family:var( --e-global-typography-text-font-family ), Sans-serif;font-weight:var( --e-global-typography-text-font-weight );}.elementor-772 .elementor-element.elementor-element-b9d1ccd > .elementor-widget-container{margin:12px 0px 0px 0px;}.elementor-772 .elementor-element.elementor-element-a6151d5 > .elementor-widget-container{margin:7px 0px 0px 0px;}<\/style>\t\t<div data-elementor-type=\"loop-item\" data-elementor-id=\"772\" class=\"elementor elementor-772 e-loop-item e-loop-item-2430 post-2430 post type-post status-publish format-standard has-post-thumbnail hentry category-sem-categoria tag-bedsrevenue-pt-pt tag-consultoria tag-hoteis-2 tag-hotel-2 tag-hotel-vidago-palace tag-industria-hoteleira tag-leading tag-portugal tag-revenue-pt-pt tag-revenue-management-2 tag-trabalho\" data-elementor-post-type=\"elementor_library\" data-custom-edit-handle=\"1\">\n\t\t\t<a class=\"elementor-element elementor-element-6b57bd6 e-flex e-con-boxed e-con e-parent\" data-id=\"6b57bd6\" data-element_type=\"container\" data-settings=\"{&quot;content_width&quot;:&quot;boxed&quot;}\" data-core-v316-plus=\"true\" href=\"https:\/\/www.bedsrevenue.com\/pt-pt\/bedsrevenue-portugal-e-hotel-vidago-palace-assinam-acordo-de-parceria-para-a-gestao-do-seu-departamento-de-revenue\/\">\n\t\t\t\t\t<div class=\"e-con-inner\">\n\t\t\t\t<div class=\"elementor-element elementor-element-d8d3f03 elementor-widget elementor-widget-theme-post-featured-image elementor-widget-image\" data-id=\"d8d3f03\" data-element_type=\"widget\" data-widget_type=\"theme-post-featured-image.default\">\n\t\t\t\t<div class=\"elementor-widget-container\">\n\t\t\t<style>\/*! elementor - v3.19.0 - 28-02-2024 *\/\n.elementor-widget-image{text-align:center}.elementor-widget-image a{display:inline-block}.elementor-widget-image a img[src$=\".svg\"]{width:48px}.elementor-widget-image img{vertical-align:middle;display:inline-block}<\/style>\t\t\t\t\t\t\t\t\t\t<img fetchpriority=\"high\" decoding=\"async\" width=\"1800\" height=\"1080\" src=\"https:\/\/www.bedsrevenue.com\/wp-content\/uploads\/2024\/07\/Gallery-1.jpg\" class=\"attachment-full size-full wp-image-2431\" alt=\"\" srcset=\"https:\/\/www.bedsrevenue.com\/wp-content\/uploads\/2024\/07\/Gallery-1.jpg 1800w, https:\/\/www.bedsrevenue.com\/wp-content\/uploads\/2024\/07\/Gallery-1-300x180.jpg 300w, https:\/\/www.bedsrevenue.com\/wp-content\/uploads\/2024\/07\/Gallery-1-1024x614.jpg 1024w, https:\/\/www.bedsrevenue.com\/wp-content\/uploads\/2024\/07\/Gallery-1-768x461.jpg 768w, https:\/\/www.bedsrevenue.com\/wp-content\/uploads\/2024\/07\/Gallery-1-1536x922.jpg 1536w\" sizes=\"(max-width: 1800px) 100vw, 1800px\" \/>\t\t\t\t\t\t\t\t\t\t\t\t\t<\/div>\n\t\t\t\t<\/div>\n\t\t\t\t<div class=\"elementor-element elementor-element-b9d1ccd elementor-widget elementor-widget-theme-post-title elementor-page-title elementor-widget-heading\" data-id=\"b9d1ccd\" data-element_type=\"widget\" data-widget_type=\"theme-post-title.default\">\n\t\t\t\t<div class=\"elementor-widget-container\">\n\t\t\t<h5 class=\"elementor-heading-title elementor-size-default\">Bedsrevenue Portugal e Hotel Vidago Palace Assinam Acordo de Parceria para a Gest\u00e3o do seu Departamento de Revenue<\/h5>\t\t<\/div>\n\t\t\t\t<\/div>\n\t\t\t\t<div class=\"elementor-element elementor-element-a6151d5 elementor-widget elementor-widget-theme-post-excerpt\" data-id=\"a6151d5\" data-element_type=\"widget\" data-widget_type=\"theme-post-excerpt.default\">\n\t\t\t\t<div class=\"elementor-widget-container\">\n\t\t\t<p>Bedsrevenue, empresa do Grupo BR l\u00edder em consultoria de revenue...\t\t<\/div>\n\t\t\t\t<\/div>\n\t\t\t\t\t<\/div>\n\t\t\t\t<\/a>\n\t\t\t\t<\/div>\n\t\t\t\t<div data-elementor-type=\"loop-item\" data-elementor-id=\"772\" class=\"elementor elementor-772 e-loop-item e-loop-item-2413 post-2413 post type-post status-publish format-standard has-post-thumbnail hentry category-sem-categoria tag-ana-alonso-pt-pt tag-ana-bayona-pt-pt tag-bedsrevenue-pt-pt tag-estrutura tag-gestao-de-receitas tag-hoteis tag-revenue-pt-pt tag-turismo-pt-pt\" data-elementor-post-type=\"elementor_library\" data-custom-edit-handle=\"1\">\n\t\t\t<a class=\"elementor-element elementor-element-6b57bd6 e-flex e-con-boxed e-con e-parent\" data-id=\"6b57bd6\" data-element_type=\"container\" data-settings=\"{&quot;content_width&quot;:&quot;boxed&quot;}\" data-core-v316-plus=\"true\" href=\"https:\/\/www.bedsrevenue.com\/pt-pt\/bedsrevenue-remodela-a-sua-estrutura\/\">\n\t\t\t\t\t<div class=\"e-con-inner\">\n\t\t\t\t<div class=\"elementor-element elementor-element-d8d3f03 elementor-widget elementor-widget-theme-post-featured-image elementor-widget-image\" data-id=\"d8d3f03\" data-element_type=\"widget\" data-widget_type=\"theme-post-featured-image.default\">\n\t\t\t\t<div class=\"elementor-widget-container\">\n\t\t\t\t\t\t\t\t\t\t\t\t\t<img decoding=\"async\" width=\"1200\" height=\"628\" src=\"https:\/\/www.bedsrevenue.com\/wp-content\/uploads\/2024\/05\/Difusion-Anas-1200-x-628-px.png\" class=\"attachment-full size-full wp-image-2405\" alt=\"\" srcset=\"https:\/\/www.bedsrevenue.com\/wp-content\/uploads\/2024\/05\/Difusion-Anas-1200-x-628-px.png 1200w, https:\/\/www.bedsrevenue.com\/wp-content\/uploads\/2024\/05\/Difusion-Anas-1200-x-628-px-300x157.png 300w, https:\/\/www.bedsrevenue.com\/wp-content\/uploads\/2024\/05\/Difusion-Anas-1200-x-628-px-1024x536.png 1024w, https:\/\/www.bedsrevenue.com\/wp-content\/uploads\/2024\/05\/Difusion-Anas-1200-x-628-px-768x402.png 768w\" sizes=\"(max-width: 1200px) 100vw, 1200px\" \/>\t\t\t\t\t\t\t\t\t\t\t\t\t<\/div>\n\t\t\t\t<\/div>\n\t\t\t\t<div class=\"elementor-element elementor-element-b9d1ccd elementor-widget elementor-widget-theme-post-title elementor-page-title elementor-widget-heading\" data-id=\"b9d1ccd\" data-element_type=\"widget\" data-widget_type=\"theme-post-title.default\">\n\t\t\t\t<div class=\"elementor-widget-container\">\n\t\t\t<h5 class=\"elementor-heading-title elementor-size-default\">Bedsrevenue remodela a sua estrutura<\/h5>\t\t<\/div>\n\t\t\t\t<\/div>\n\t\t\t\t<div class=\"elementor-element elementor-element-a6151d5 elementor-widget elementor-widget-theme-post-excerpt\" data-id=\"a6151d5\" data-element_type=\"widget\" data-widget_type=\"theme-post-excerpt.default\">\n\t\t\t\t<div class=\"elementor-widget-container\">\n\t\t\t<p>Ana Bel\u00e9n Bayona e Ana Alonso consolidam a evolu\u00e7\u00e3o da...\t\t<\/div>\n\t\t\t\t<\/div>\n\t\t\t\t\t<\/div>\n\t\t\t\t<\/a>\n\t\t\t\t<\/div>\n\t\t\t\t<div data-elementor-type=\"loop-item\" data-elementor-id=\"772\" class=\"elementor elementor-772 e-loop-item e-loop-item-2416 post-2416 post type-post status-publish format-standard has-post-thumbnail hentry category-artigo tag-bedsrevenue-pt-pt tag-estrategia-pt-pt tag-gestao-de-receitas tag-hoteis tag-revenue-pt-pt tag-turismo-pt-pt\" data-elementor-post-type=\"elementor_library\" data-custom-edit-handle=\"1\">\n\t\t\t<a class=\"elementor-element elementor-element-6b57bd6 e-flex e-con-boxed e-con e-parent\" data-id=\"6b57bd6\" data-element_type=\"container\" data-settings=\"{&quot;content_width&quot;:&quot;boxed&quot;}\" data-core-v316-plus=\"true\" href=\"https:\/\/www.bedsrevenue.com\/pt-pt\/nao-fazer-revenue-management\/\">\n\t\t\t\t\t<div class=\"e-con-inner\">\n\t\t\t\t<div class=\"elementor-element elementor-element-d8d3f03 elementor-widget elementor-widget-theme-post-featured-image elementor-widget-image\" data-id=\"d8d3f03\" data-element_type=\"widget\" data-widget_type=\"theme-post-featured-image.default\">\n\t\t\t\t<div class=\"elementor-widget-container\">\n\t\t\t\t\t\t\t\t\t\t\t\t\t<img decoding=\"async\" width=\"1200\" height=\"800\" src=\"https:\/\/www.bedsrevenue.com\/wp-content\/uploads\/2024\/04\/Vistex_Header_iStock-1424757003_1200x800_Main.jpg\" class=\"attachment-full size-full wp-image-2390\" alt=\"\" srcset=\"https:\/\/www.bedsrevenue.com\/wp-content\/uploads\/2024\/04\/Vistex_Header_iStock-1424757003_1200x800_Main.jpg 1200w, https:\/\/www.bedsrevenue.com\/wp-content\/uploads\/2024\/04\/Vistex_Header_iStock-1424757003_1200x800_Main-300x200.jpg 300w, https:\/\/www.bedsrevenue.com\/wp-content\/uploads\/2024\/04\/Vistex_Header_iStock-1424757003_1200x800_Main-1024x683.jpg 1024w, https:\/\/www.bedsrevenue.com\/wp-content\/uploads\/2024\/04\/Vistex_Header_iStock-1424757003_1200x800_Main-768x512.jpg 768w\" sizes=\"(max-width: 1200px) 100vw, 1200px\" \/>\t\t\t\t\t\t\t\t\t\t\t\t\t<\/div>\n\t\t\t\t<\/div>\n\t\t\t\t<div class=\"elementor-element elementor-element-b9d1ccd elementor-widget elementor-widget-theme-post-title elementor-page-title elementor-widget-heading\" data-id=\"b9d1ccd\" data-element_type=\"widget\" data-widget_type=\"theme-post-title.default\">\n\t\t\t\t<div class=\"elementor-widget-container\">\n\t\t\t<h5 class=\"elementor-heading-title elementor-size-default\">N\u00e3o Fazer Revenue Management!<\/h5>\t\t<\/div>\n\t\t\t\t<\/div>\n\t\t\t\t<div class=\"elementor-element elementor-element-a6151d5 elementor-widget elementor-widget-theme-post-excerpt\" data-id=\"a6151d5\" data-element_type=\"widget\" data-widget_type=\"theme-post-excerpt.default\">\n\t\t\t\t<div class=\"elementor-widget-container\">\n\t\t\t<p>Por Bruno Ferrao Simoes (Business Development Manager Portugal) N\u00e3o Fazer...\t\t<\/div>\n\t\t\t\t<\/div>\n\t\t\t\t\t<\/div>\n\t\t\t\t<\/a>\n\t\t\t\t<\/div>\n\t\t\t\t<div data-elementor-type=\"loop-item\" data-elementor-id=\"772\" class=\"elementor elementor-772 e-loop-item e-loop-item-2079 post-2079 post type-post status-publish format-standard has-post-thumbnail hentry category-artigo\" data-elementor-post-type=\"elementor_library\" data-custom-edit-handle=\"1\">\n\t\t\t<a class=\"elementor-element elementor-element-6b57bd6 e-flex e-con-boxed e-con e-parent\" data-id=\"6b57bd6\" data-element_type=\"container\" data-settings=\"{&quot;content_width&quot;:&quot;boxed&quot;}\" data-core-v316-plus=\"true\" href=\"https:\/\/www.bedsrevenue.com\/pt-pt\/o-revenue-manager-sera-o-futuro-diretor-do-hotel\/\">\n\t\t\t\t\t<div class=\"e-con-inner\">\n\t\t\t\t<div class=\"elementor-element elementor-element-d8d3f03 elementor-widget elementor-widget-theme-post-featured-image elementor-widget-image\" data-id=\"d8d3f03\" data-element_type=\"widget\" data-widget_type=\"theme-post-featured-image.default\">\n\t\t\t\t<div class=\"elementor-widget-container\">\n\t\t\t\t\t\t\t\t\t\t\t\t\t<img loading=\"lazy\" decoding=\"async\" width=\"300\" height=\"158\" src=\"https:\/\/www.bedsrevenue.com\/wp-content\/uploads\/2024\/01\/Top-5-Metrics-Every-Hotel-Revenue-Manager-Must-Track-300x158-1.png\" class=\"attachment-full size-full wp-image-1974\" alt=\"\" \/>\t\t\t\t\t\t\t\t\t\t\t\t\t<\/div>\n\t\t\t\t<\/div>\n\t\t\t\t<div class=\"elementor-element elementor-element-b9d1ccd elementor-widget elementor-widget-theme-post-title elementor-page-title elementor-widget-heading\" data-id=\"b9d1ccd\" data-element_type=\"widget\" data-widget_type=\"theme-post-title.default\">\n\t\t\t\t<div class=\"elementor-widget-container\">\n\t\t\t<h5 class=\"elementor-heading-title elementor-size-default\">O Revenue Manager ser\u00e1 o futuro diretor do hotel?<\/h5>\t\t<\/div>\n\t\t\t\t<\/div>\n\t\t\t\t<div class=\"elementor-element elementor-element-a6151d5 elementor-widget elementor-widget-theme-post-excerpt\" data-id=\"a6151d5\" data-element_type=\"widget\" data-widget_type=\"theme-post-excerpt.default\">\n\t\t\t\t<div class=\"elementor-widget-container\">\n\t\t\t<p>Por Bruno Ferrao Sim\u00f5es (Gerente de Desenvolvimento de Neg\u00f3cios \u2013...\t\t<\/div>\n\t\t\t\t<\/div>\n\t\t\t\t\t<\/div>\n\t\t\t\t<\/a>\n\t\t\t\t<\/div>\n\t\t\t\t<div data-elementor-type=\"loop-item\" data-elementor-id=\"772\" class=\"elementor elementor-772 e-loop-item e-loop-item-2123 post-2123 post type-post status-publish format-standard has-post-thumbnail hentry category-artigo\" data-elementor-post-type=\"elementor_library\" data-custom-edit-handle=\"1\">\n\t\t\t<a class=\"elementor-element elementor-element-6b57bd6 e-flex e-con-boxed e-con e-parent\" data-id=\"6b57bd6\" data-element_type=\"container\" data-settings=\"{&quot;content_width&quot;:&quot;boxed&quot;}\" data-core-v316-plus=\"true\" href=\"https:\/\/www.bedsrevenue.com\/pt-pt\/os-indices-de-cancelamento-sao-uma-peca-chave-na-estrategia-tarifaria\/\">\n\t\t\t\t\t<div class=\"e-con-inner\">\n\t\t\t\t<div class=\"elementor-element elementor-element-d8d3f03 elementor-widget elementor-widget-theme-post-featured-image elementor-widget-image\" data-id=\"d8d3f03\" data-element_type=\"widget\" data-widget_type=\"theme-post-featured-image.default\">\n\t\t\t\t<div class=\"elementor-widget-container\">\n\t\t\t\t\t\t\t\t\t\t\t\t\t<img loading=\"lazy\" decoding=\"async\" width=\"2560\" height=\"1300\" src=\"https:\/\/www.bedsrevenue.com\/wp-content\/uploads\/2024\/01\/estrategia-finanzas-empresa-grafico-analisis-plan-reunion-empresarios-scaled-1.jpg\" class=\"attachment-full size-full wp-image-1972\" alt=\"\" srcset=\"https:\/\/www.bedsrevenue.com\/wp-content\/uploads\/2024\/01\/estrategia-finanzas-empresa-grafico-analisis-plan-reunion-empresarios-scaled-1.jpg 2560w, https:\/\/www.bedsrevenue.com\/wp-content\/uploads\/2024\/01\/estrategia-finanzas-empresa-grafico-analisis-plan-reunion-empresarios-scaled-1-300x152.jpg 300w, https:\/\/www.bedsrevenue.com\/wp-content\/uploads\/2024\/01\/estrategia-finanzas-empresa-grafico-analisis-plan-reunion-empresarios-scaled-1-1024x520.jpg 1024w, https:\/\/www.bedsrevenue.com\/wp-content\/uploads\/2024\/01\/estrategia-finanzas-empresa-grafico-analisis-plan-reunion-empresarios-scaled-1-768x390.jpg 768w, https:\/\/www.bedsrevenue.com\/wp-content\/uploads\/2024\/01\/estrategia-finanzas-empresa-grafico-analisis-plan-reunion-empresarios-scaled-1-1536x780.jpg 1536w, https:\/\/www.bedsrevenue.com\/wp-content\/uploads\/2024\/01\/estrategia-finanzas-empresa-grafico-analisis-plan-reunion-empresarios-scaled-1-2048x1040.jpg 2048w\" sizes=\"(max-width: 2560px) 100vw, 2560px\" \/>\t\t\t\t\t\t\t\t\t\t\t\t\t<\/div>\n\t\t\t\t<\/div>\n\t\t\t\t<div class=\"elementor-element elementor-element-b9d1ccd elementor-widget elementor-widget-theme-post-title elementor-page-title elementor-widget-heading\" data-id=\"b9d1ccd\" data-element_type=\"widget\" data-widget_type=\"theme-post-title.default\">\n\t\t\t\t<div class=\"elementor-widget-container\">\n\t\t\t<h5 class=\"elementor-heading-title elementor-size-default\">Os \u00edndices de cancelamento s\u00e3o uma pe\u00e7a-chave na estrat\u00e9gia tarif\u00e1ria<\/h5>\t\t<\/div>\n\t\t\t\t<\/div>\n\t\t\t\t<div class=\"elementor-element elementor-element-a6151d5 elementor-widget elementor-widget-theme-post-excerpt\" data-id=\"a6151d5\" data-element_type=\"widget\" data-widget_type=\"theme-post-excerpt.default\">\n\t\t\t\t<div class=\"elementor-widget-container\">\n\t\t\t<p>Por Chema Herrero (CEO da Bedsrevenue) Habitualmente focamos as nossas...\t\t<\/div>\n\t\t\t\t<\/div>\n\t\t\t\t\t<\/div>\n\t\t\t\t<\/a>\n\t\t\t\t<\/div>\n\t\t\t\t<div data-elementor-type=\"loop-item\" data-elementor-id=\"772\" class=\"elementor elementor-772 e-loop-item e-loop-item-2127 post-2127 post type-post status-publish format-standard has-post-thumbnail hentry category-sem-categoria tag-bedsrevenue-pt-pt tag-estrategia-pt-pt tag-facebook-pt-pt tag-instagram-pt-pt tag-marketing-pt-pt tag-midia-social tag-redes-sociais tag-revenue-pt-pt tag-tik-tok-pt-pt\" data-elementor-post-type=\"elementor_library\" data-custom-edit-handle=\"1\">\n\t\t\t<a class=\"elementor-element elementor-element-6b57bd6 e-flex e-con-boxed e-con e-parent\" data-id=\"6b57bd6\" data-element_type=\"container\" data-settings=\"{&quot;content_width&quot;:&quot;boxed&quot;}\" data-core-v316-plus=\"true\" href=\"https:\/\/www.bedsrevenue.com\/pt-pt\/as-redes-sociais-como-complemento-a-estrategia-de-revenue-management\/\">\n\t\t\t\t\t<div class=\"e-con-inner\">\n\t\t\t\t<div class=\"elementor-element elementor-element-d8d3f03 elementor-widget elementor-widget-theme-post-featured-image elementor-widget-image\" data-id=\"d8d3f03\" data-element_type=\"widget\" data-widget_type=\"theme-post-featured-image.default\">\n\t\t\t\t<div class=\"elementor-widget-container\">\n\t\t\t\t\t\t\t\t\t\t\t\t\t<img loading=\"lazy\" decoding=\"async\" width=\"300\" height=\"169\" src=\"https:\/\/www.bedsrevenue.com\/wp-content\/uploads\/2024\/01\/social-media-g56f5637df_1920-300x169-1.jpg\" class=\"attachment-full size-full wp-image-1964\" alt=\"\" \/>\t\t\t\t\t\t\t\t\t\t\t\t\t<\/div>\n\t\t\t\t<\/div>\n\t\t\t\t<div class=\"elementor-element elementor-element-b9d1ccd elementor-widget elementor-widget-theme-post-title elementor-page-title elementor-widget-heading\" data-id=\"b9d1ccd\" data-element_type=\"widget\" data-widget_type=\"theme-post-title.default\">\n\t\t\t\t<div class=\"elementor-widget-container\">\n\t\t\t<h5 class=\"elementor-heading-title elementor-size-default\">As redes sociais como complemento \u00e0 estrat\u00e9gia de Revenue Management<\/h5>\t\t<\/div>\n\t\t\t\t<\/div>\n\t\t\t\t<div class=\"elementor-element elementor-element-a6151d5 elementor-widget elementor-widget-theme-post-excerpt\" data-id=\"a6151d5\" data-element_type=\"widget\" data-widget_type=\"theme-post-excerpt.default\">\n\t\t\t\t<div class=\"elementor-widget-container\">\n\t\t\t<p>Por Celina Verg\u00e9s (Gerente de Marketing e Comunica\u00e7\u00f5es) Conhecemos a...\t\t<\/div>\n\t\t\t\t<\/div>\n\t\t\t\t\t<\/div>\n\t\t\t\t<\/a>\n\t\t\t\t<\/div>\n\t\t\t\t<\/div>\n\t\t\t\t\t<span class=\"e-load-more-spinner\">\n\t\t\t\t<svg aria-hidden=\"true\" class=\"e-font-icon-svg e-fas-spinner\" viewBox=\"0 0 512 512\" xmlns=\"http:\/\/www.w3.org\/2000\/svg\"><path d=\"M304 48c0 26.51-21.49 48-48 48s-48-21.49-48-48 21.49-48 48-48 48 21.49 48 48zm-48 368c-26.51 0-48 21.49-48 48s21.49 48 48 48 48-21.49 48-48-21.49-48-48-48zm208-208c-26.51 0-48 21.49-48 48s21.49 48 48 48 48-21.49 48-48-21.49-48-48-48zM96 256c0-26.51-21.49-48-48-48S0 229.49 0 256s21.49 48 48 48 48-21.49 48-48zm12.922 99.078c-26.51 0-48 21.49-48 48s21.49 48 48 48 48-21.49 48-48c0-26.509-21.491-48-48-48zm294.156 0c-26.51 0-48 21.49-48 48s21.49 48 48 48 48-21.49 48-48c0-26.509-21.49-48-48-48zM108.922 60.922c-26.51 0-48 21.49-48 48s21.49 48 48 48 48-21.49 48-48-21.491-48-48-48z\"><\/path><\/svg>\t\t\t<\/span>\n\t\t\n\t\t\t\t<div class=\"e-load-more-anchor\" data-page=\"1\" data-max-page=\"2\" data-next-page=\"https:\/\/www.bedsrevenue.com\/pt-pt\/wp-json\/wp\/v2\/pages\/2027\/page\/2\/\"><\/div>\n\t\t\t\t<div class=\"e-load-more-message\"><\/div>\n\t\t\t\t<\/div>\n\t\t\t\t<\/div>\n\t\t\t\t\t<\/div>\n\t\t\t\t<\/div>\n\t\t\t\t\t<\/div>\n\t\t\t\t<\/div>\n\t\t\t\t<\/div>\n\t\t","protected":false},"excerpt":{"rendered":"<p>BLOGUE<\/p>\n","protected":false},"author":1,"featured_media":0,"parent":0,"menu_order":0,"comment_status":"closed","ping_status":"closed","template":"","meta":{"_acf_changed":false,"footnotes":""},"acf":[],"_links":{"self":[{"href":"https:\/\/www.bedsrevenue.com\/pt-pt\/wp-json\/wp\/v2\/pages\/2027"}],"collection":[{"href":"https:\/\/www.bedsrevenue.com\/pt-pt\/wp-json\/wp\/v2\/pages"}],"about":[{"href":"https:\/\/www.bedsrevenue.com\/pt-pt\/wp-json\/wp\/v2\/types\/page"}],"author":[{"embeddable":true,"href":"https:\/\/www.bedsrevenue.com\/pt-pt\/wp-json\/wp\/v2\/users\/1"}],"replies":[{"embeddable":true,"href":"https:\/\/www.bedsrevenue.com\/pt-pt\/wp-json\/wp\/v2\/comments?post=2027"}],"version-history":[{"count":2,"href":"https:\/\/www.bedsrevenue.com\/pt-pt\/wp-json\/wp\/v2\/pages\/2027\/revisions"}],"predecessor-version":[{"id":2108,"href":"https:\/\/www.bedsrevenue.com\/pt-pt\/wp-json\/wp\/v2\/pages\/2027\/revisions\/2108"}],"wp:attachment":[{"href":"https:\/\/www.bedsrevenue.com\/pt-pt\/wp-json\/wp\/v2\/media?parent=2027"}],"curies":[{"name":"wp","href":"https:\/\/api.w.org\/{rel}","templated":true}]}}