{"id":2037,"date":"2023-11-30T22:09:53","date_gmt":"2023-11-30T22:09:53","guid":{"rendered":"https:\/\/www.bedsrevenue.com\/treinamento\/"},"modified":"2024-02-14T09:20:20","modified_gmt":"2024-02-14T09:20:20","slug":"treinamento","status":"publish","type":"page","link":"https:\/\/www.bedsrevenue.com\/pt-pt\/treinamento\/","title":{"rendered":"Treinamento"},"content":{"rendered":"\t\t<div data-elementor-type=\"wp-page\" data-elementor-id=\"2037\" class=\"elementor elementor-2037 elementor-271\" data-elementor-post-type=\"page\">\n\t\t\t\t<div class=\"elementor-element elementor-element-b74ae1e e-flex e-con-boxed e-con e-parent\" data-id=\"b74ae1e\" data-element_type=\"container\" data-settings=\"{&quot;background_background&quot;:&quot;video&quot;,&quot;background_video_link&quot;:&quot;https:\\\/\\\/www.bedsrevenue.com\\\/wp-content\\\/uploads\\\/2024\\\/01\\\/Formacion.mp4&quot;,&quot;background_play_on_mobile&quot;:&quot;yes&quot;,&quot;content_width&quot;:&quot;boxed&quot;}\" data-core-v316-plus=\"true\">\n\t\t\t\t\t<div class=\"e-con-inner\">\n\t\t<div class=\"elementor-background-video-container\">\n\t\t\t\t\t\t\t<video class=\"elementor-background-video-hosted elementor-html5-video\" autoplay muted playsinline loop><\/video>\n\t\t\t\t\t<\/div><div class=\"elementor-element elementor-element-15fcfcc e-flex e-con-boxed e-con e-child\" data-id=\"15fcfcc\" data-element_type=\"container\" data-settings=\"{&quot;content_width&quot;:&quot;boxed&quot;}\">\n\t\t\t\t\t<div class=\"e-con-inner\">\n\t\t\t\t<div class=\"elementor-element elementor-element-1309eb6 elementor-invisible elementor-widget elementor-widget-heading\" data-id=\"1309eb6\" data-element_type=\"widget\" data-settings=\"{&quot;_animation&quot;:&quot;fadeInUp&quot;}\" data-widget_type=\"heading.default\">\n\t\t\t\t<div class=\"elementor-widget-container\">\n\t\t\t<style>\/*! elementor - v3.19.0 - 28-02-2024 *\/\n.elementor-heading-title{padding:0;margin:0;line-height:1}.elementor-widget-heading .elementor-heading-title[class*=elementor-size-]>a{color:inherit;font-size:inherit;line-height:inherit}.elementor-widget-heading .elementor-heading-title.elementor-size-small{font-size:15px}.elementor-widget-heading .elementor-heading-title.elementor-size-medium{font-size:19px}.elementor-widget-heading .elementor-heading-title.elementor-size-large{font-size:29px}.elementor-widget-heading .elementor-heading-title.elementor-size-xl{font-size:39px}.elementor-widget-heading .elementor-heading-title.elementor-size-xxl{font-size:59px}<\/style><h2 class=\"elementor-heading-title elementor-size-default\">TREINAMENTO<\/h2>\t\t<\/div>\n\t\t\t\t<\/div>\n\t\t\t\t\t<\/div>\n\t\t\t\t<\/div>\n\t\t\t\t\t<\/div>\n\t\t\t\t<\/div>\n\t\t<div class=\"elementor-element elementor-element-7b38cd7 e-flex e-con-boxed e-con e-parent\" data-id=\"7b38cd7\" data-element_type=\"container\" data-settings=\"{&quot;background_background&quot;:&quot;classic&quot;,&quot;content_width&quot;:&quot;boxed&quot;}\" data-core-v316-plus=\"true\">\n\t\t\t\t\t<div class=\"e-con-inner\">\n\t\t<div class=\"elementor-element elementor-element-677ae1e e-flex e-con-boxed e-con e-child\" data-id=\"677ae1e\" data-element_type=\"container\" data-settings=\"{&quot;content_width&quot;:&quot;boxed&quot;}\">\n\t\t\t\t\t<div class=\"e-con-inner\">\n\t\t\t\t<div class=\"elementor-element elementor-element-8299123 elementor-invisible elementor-widget elementor-widget-heading\" data-id=\"8299123\" data-element_type=\"widget\" data-settings=\"{&quot;_animation&quot;:&quot;fadeInUp&quot;}\" data-widget_type=\"heading.default\">\n\t\t\t\t<div class=\"elementor-widget-container\">\n\t\t\t<h1 class=\"elementor-heading-title elementor-size-default\">Enfrentando os desafios da ind\u00fastria \n<br>O turismo exige uma boa forma\u00e7\u00e3o. <\/h1>\t\t<\/div>\n\t\t\t\t<\/div>\n\t\t\t\t\t<\/div>\n\t\t\t\t<\/div>\n\t\t<div class=\"elementor-element elementor-element-4fadaf8 e-con-full e-flex elementor-invisible e-con e-child\" data-id=\"4fadaf8\" data-element_type=\"container\" data-settings=\"{&quot;content_width&quot;:&quot;full&quot;,&quot;animation&quot;:&quot;fadeInLeft&quot;}\">\n\t\t\t\t<div class=\"elementor-element elementor-element-55abf75 elementor-widget__width-inherit elementor-widget-mobile__width-inherit elementor-widget elementor-widget-text-editor\" data-id=\"55abf75\" data-element_type=\"widget\" data-widget_type=\"text-editor.default\">\n\t\t\t\t<div class=\"elementor-widget-container\">\n\t\t\t<style>\/*! elementor - v3.19.0 - 28-02-2024 *\/\n.elementor-widget-text-editor.elementor-drop-cap-view-stacked .elementor-drop-cap{background-color:#69727d;color:#fff}.elementor-widget-text-editor.elementor-drop-cap-view-framed .elementor-drop-cap{color:#69727d;border:3px solid;background-color:transparent}.elementor-widget-text-editor:not(.elementor-drop-cap-view-default) .elementor-drop-cap{margin-top:8px}.elementor-widget-text-editor:not(.elementor-drop-cap-view-default) .elementor-drop-cap-letter{width:1em;height:1em}.elementor-widget-text-editor .elementor-drop-cap{float:left;text-align:center;line-height:1;font-size:50px}.elementor-widget-text-editor .elementor-drop-cap-letter{display:inline-block}<\/style>\t\t\t\t<p>A tecnologia dominou todas as \u00e1reas do setor. Na Bedsrevenue pensamos que a forma\u00e7\u00e3o \u00e9 uma ferramenta poderosa para enfrentar todos os desafios que a ind\u00fastria do turismo nos apresenta, por isso criamos a Teduka Tourism Training.<\/p>\n<p>Num mundo em constante evolu\u00e7\u00e3o, a forma\u00e7\u00e3o cont\u00ednua permite-lhe manter-se atualizado e adaptar-se \u00e0s mudan\u00e7as tecnol\u00f3gicas, sociais e laborais.<\/p>\n\t\t\t\t\t\t<\/div>\n\t\t\t\t<\/div>\n\t\t\t\t<div class=\"elementor-element elementor-element-fdda662 elementor-widget__width-inherit elementor-widget-mobile__width-inherit elementor-widget elementor-widget-text-editor\" data-id=\"fdda662\" data-element_type=\"widget\" data-widget_type=\"text-editor.default\">\n\t\t\t\t<div class=\"elementor-widget-container\">\n\t\t\t\t\t\t\t<p>A TEDUKA oferece-lhe programas especializados, cursos presenciais e online, forma\u00e7\u00e3o \u00e0 medida, certifica\u00e7\u00f5es e muito mais, numa plataforma de forma\u00e7\u00e3o diferenciada, em conjunto com professores profissionais atuantes no setor, atrav\u00e9s dos quais aprender\u00e1 com o seu quotidiano.<\/p>\n<p><span style=\"color: var( --e-global-color-text ); font-size: 1rem; text-align: var(--text-align);\">Para saber mais, convidamos voc\u00ea a clicar em nosso logotipo e descobrir tudo o que nossa plataforma de treinamento Teduka lhe oferece.<\/span><\/p>\t\t\t\t\t\t<\/div>\n\t\t\t\t<\/div>\n\t\t\t\t<\/div>\n\t\t<div class=\"elementor-element elementor-element-9cde271 e-con-full e-flex elementor-invisible e-con e-child\" data-id=\"9cde271\" data-element_type=\"container\" data-settings=\"{&quot;content_width&quot;:&quot;full&quot;,&quot;animation&quot;:&quot;fadeInRight&quot;}\">\n\t\t\t\t<div class=\"elementor-element elementor-element-74eae6f elementor-widget elementor-widget-image\" data-id=\"74eae6f\" data-element_type=\"widget\" data-widget_type=\"image.default\">\n\t\t\t\t<div class=\"elementor-widget-container\">\n\t\t\t<style>\/*! elementor - v3.19.0 - 28-02-2024 *\/\n.elementor-widget-image{text-align:center}.elementor-widget-image a{display:inline-block}.elementor-widget-image a img[src$=\".svg\"]{width:48px}.elementor-widget-image img{vertical-align:middle;display:inline-block}<\/style>\t\t\t\t\t\t\t\t\t\t\t<a href=\"https:\/\/teduka.es\/\" target=\"_blank\">\n\t\t\t\t\t\t\t<img fetchpriority=\"high\" decoding=\"async\" width=\"685\" height=\"364\" src=\"https:\/\/www.bedsrevenue.com\/wp-content\/uploads\/2023\/12\/1689955075773-removebg-preview.png\" class=\"attachment-full size-full wp-image-392\" alt=\"\" srcset=\"https:\/\/www.bedsrevenue.com\/wp-content\/uploads\/2023\/12\/1689955075773-removebg-preview.png 685w, https:\/\/www.bedsrevenue.com\/wp-content\/uploads\/2023\/12\/1689955075773-removebg-preview-300x159.png 300w\" sizes=\"(max-width: 685px) 100vw, 685px\" \/>\t\t\t\t\t\t\t\t<\/a>\n\t\t\t\t\t\t\t\t\t\t\t\t\t<\/div>\n\t\t\t\t<\/div>\n\t\t\t\t<\/div>\n\t\t\t\t\t<\/div>\n\t\t\t\t<\/div>\n\t\t\t\t<\/div>\n\t\t","protected":false},"excerpt":{"rendered":"<p>TREINAMENTO Enfrentando os desafios da ind\u00fastria O turismo exige uma boa forma\u00e7\u00e3o. A tecnologia dominou todas as \u00e1reas do setor. Na Bedsrevenue pensamos que a forma\u00e7\u00e3o \u00e9 uma ferramenta poderosa para enfrentar todos os desafios que a ind\u00fastria do turismo nos apresenta, por isso criamos a Teduka Tourism Training. Num mundo em constante evolu\u00e7\u00e3o, a [&hellip;]<\/p>\n","protected":false},"author":1,"featured_media":0,"parent":0,"menu_order":0,"comment_status":"closed","ping_status":"closed","template":"","meta":{"_acf_changed":false,"footnotes":""},"acf":[],"_links":{"self":[{"href":"https:\/\/www.bedsrevenue.com\/pt-pt\/wp-json\/wp\/v2\/pages\/2037"}],"collection":[{"href":"https:\/\/www.bedsrevenue.com\/pt-pt\/wp-json\/wp\/v2\/pages"}],"about":[{"href":"https:\/\/www.bedsrevenue.com\/pt-pt\/wp-json\/wp\/v2\/types\/page"}],"author":[{"embeddable":true,"href":"https:\/\/www.bedsrevenue.com\/pt-pt\/wp-json\/wp\/v2\/users\/1"}],"replies":[{"embeddable":true,"href":"https:\/\/www.bedsrevenue.com\/pt-pt\/wp-json\/wp\/v2\/comments?post=2037"}],"version-history":[{"count":1,"href":"https:\/\/www.bedsrevenue.com\/pt-pt\/wp-json\/wp\/v2\/pages\/2037\/revisions"}],"predecessor-version":[{"id":2038,"href":"https:\/\/www.bedsrevenue.com\/pt-pt\/wp-json\/wp\/v2\/pages\/2037\/revisions\/2038"}],"wp:attachment":[{"href":"https:\/\/www.bedsrevenue.com\/pt-pt\/wp-json\/wp\/v2\/media?parent=2037"}],"curies":[{"name":"wp","href":"https:\/\/api.w.org\/{rel}","templated":true}]}}