{"id":2045,"date":"2024-01-11T15:30:02","date_gmt":"2024-01-11T15:30:02","guid":{"rendered":"https:\/\/www.bedsrevenue.com\/politica-de-cookies\/"},"modified":"2024-03-16T13:03:54","modified_gmt":"2024-03-16T13:03:54","slug":"politica-de-cookies","status":"publish","type":"page","link":"https:\/\/www.bedsrevenue.com\/pt-pt\/politica-de-cookies\/","title":{"rendered":"Pol\u00edtica de cookies"},"content":{"rendered":"\t\t<div data-elementor-type=\"wp-page\" data-elementor-id=\"2045\" class=\"elementor elementor-2045 elementor-1340\" data-elementor-post-type=\"page\">\n\t\t\t\t<div class=\"elementor-element elementor-element-3ab8198 e-flex e-con-boxed e-con e-parent\" data-id=\"3ab8198\" data-element_type=\"container\" data-settings=\"{&quot;background_background&quot;:&quot;classic&quot;,&quot;content_width&quot;:&quot;boxed&quot;}\" data-core-v316-plus=\"true\">\n\t\t\t\t\t<div class=\"e-con-inner\">\n\t\t<div class=\"elementor-element elementor-element-02e8502 e-flex e-con-boxed e-con e-child\" data-id=\"02e8502\" data-element_type=\"container\" data-settings=\"{&quot;content_width&quot;:&quot;boxed&quot;}\">\n\t\t\t\t\t<div class=\"e-con-inner\">\n\t\t\t\t<div class=\"elementor-element elementor-element-b44f4f1 elementor-widget elementor-widget-heading\" data-id=\"b44f4f1\" data-element_type=\"widget\" data-widget_type=\"heading.default\">\n\t\t\t\t<div class=\"elementor-widget-container\">\n\t\t\t<style>\/*! elementor - v3.19.0 - 28-02-2024 *\/\n.elementor-heading-title{padding:0;margin:0;line-height:1}.elementor-widget-heading .elementor-heading-title[class*=elementor-size-]>a{color:inherit;font-size:inherit;line-height:inherit}.elementor-widget-heading .elementor-heading-title.elementor-size-small{font-size:15px}.elementor-widget-heading .elementor-heading-title.elementor-size-medium{font-size:19px}.elementor-widget-heading .elementor-heading-title.elementor-size-large{font-size:29px}.elementor-widget-heading .elementor-heading-title.elementor-size-xl{font-size:39px}.elementor-widget-heading .elementor-heading-title.elementor-size-xxl{font-size:59px}<\/style><h2 class=\"elementor-heading-title elementor-size-default\">Pol\u00edtica de cookies<\/h2>\t\t<\/div>\n\t\t\t\t<\/div>\n\t\t\t\t\t<\/div>\n\t\t\t\t<\/div>\n\t\t\t\t\t<\/div>\n\t\t\t\t<\/div>\n\t\t<div class=\"elementor-element elementor-element-9c708ae e-flex e-con-boxed e-con e-parent\" data-id=\"9c708ae\" data-element_type=\"container\" data-settings=\"{&quot;content_width&quot;:&quot;boxed&quot;}\" data-core-v316-plus=\"true\">\n\t\t\t\t\t<div class=\"e-con-inner\">\n\t\t<div class=\"elementor-element elementor-element-1a5e25b e-flex e-con-boxed e-con e-child\" data-id=\"1a5e25b\" data-element_type=\"container\" data-settings=\"{&quot;content_width&quot;:&quot;boxed&quot;}\">\n\t\t\t\t\t<div class=\"e-con-inner\">\n\t\t\t\t<div class=\"elementor-element elementor-element-060dc50 elementor-widget elementor-widget-text-editor\" data-id=\"060dc50\" data-element_type=\"widget\" data-widget_type=\"text-editor.default\">\n\t\t\t\t<div class=\"elementor-widget-container\">\n\t\t\t<style>\/*! elementor - v3.19.0 - 28-02-2024 *\/\n.elementor-widget-text-editor.elementor-drop-cap-view-stacked .elementor-drop-cap{background-color:#69727d;color:#fff}.elementor-widget-text-editor.elementor-drop-cap-view-framed .elementor-drop-cap{color:#69727d;border:3px solid;background-color:transparent}.elementor-widget-text-editor:not(.elementor-drop-cap-view-default) .elementor-drop-cap{margin-top:8px}.elementor-widget-text-editor:not(.elementor-drop-cap-view-default) .elementor-drop-cap-letter{width:1em;height:1em}.elementor-widget-text-editor .elementor-drop-cap{float:left;text-align:center;line-height:1;font-size:50px}.elementor-widget-text-editor .elementor-drop-cap-letter{display:inline-block}<\/style>\t\t\t\t<ol>\n<li>\n<p><strong>Introdu\u00e7\u00e3o<\/strong><\/p>\n<p>Esta Pol\u00edtica de Cookies tem como objetivo inform\u00e1-lo sobre o uso de cookies e tecnologias semelhantes no site [Nombre del Sitio Web] (doravante, o &#8220;Site&#8221;). Ao acessar e utilizar o Site, voc\u00ea concorda com o uso de cookies de acordo com esta pol\u00edtica. Caso n\u00e3o concorde com a utiliza\u00e7\u00e3o de cookies, recomendamos que ajuste as configura\u00e7\u00f5es do seu navegador ou n\u00e3o utilize o Site.<\/p>\n<\/li>\n<li>\n<p><strong>O que s\u00e3o Cookies<\/strong><\/p>\n<p>Cookies s\u00e3o pequenos arquivos de texto que s\u00e3o armazenados no seu dispositivo (computador, smartphone, tablet, etc.) quando voc\u00ea visita um site. Estes cookies s\u00e3o utilizados para recolher informa\u00e7\u00e3o sobre a sua navega\u00e7\u00e3o e permitir que o Site o reconhe\u00e7a em futuras visitas, melhorando assim a sua experi\u00eancia de utiliza\u00e7\u00e3o.<\/p>\n<\/li>\n<li>\n<p><strong>Tipos de cookies usados<\/strong><\/p>\n<p>Os tipos de cookies utilizados no Site s\u00e3o descritos abaixo:<\/p>\n<p>a. <strong>Cookies Estritamente Necess\u00e1rios:<\/strong> Estes cookies s\u00e3o essenciais para o funcionamento do Site e permitem navegar no mesmo e utilizar as suas funcionalidades.<\/p>\n<p>b. <strong>Cookies de Desempenho:<\/strong> Estes cookies recolhem informa\u00e7\u00f5es sobre a forma como os utilizadores utilizam o Website, tais como quais as p\u00e1ginas que visitam com mais frequ\u00eancia e se ocorrem erros. Esta informa\u00e7\u00e3o \u00e9 usada para melhorar a funcionalidade do Site.<\/p>\n<p>c. <strong>Cookies de Funcionalidade:<\/strong> Estes cookies permitem que o Site se lembre das suas prefer\u00eancias (como idioma ou regi\u00e3o) e lhe forne\u00e7a fun\u00e7\u00f5es melhoradas e personalizadas.<\/p>\n<p>d. <strong>Cookies de publicidade e rastreamento:<\/strong> Esses cookies s\u00e3o usados \u200b\u200bpara exibir an\u00fancios relevantes para voc\u00ea e seus interesses. Eles tamb\u00e9m s\u00e3o usados \u200b\u200bpara rastrear sua atividade de navega\u00e7\u00e3o no Site e em outros sites, a fim de lhe oferecer publicidade personalizada.<\/p>\n<\/li>\n<li>\n<p><strong>Controle de Cookies<\/strong><\/p>\n<p>Voc\u00ea pode controlar e gerenciar cookies atrav\u00e9s das configura\u00e7\u00f5es do seu navegador. A maioria dos navegadores permite bloquear ou excluir cookies com base nas suas prefer\u00eancias. Tenha em aten\u00e7\u00e3o que a desativa\u00e7\u00e3o dos cookies estritamente necess\u00e1rios pode afetar a funcionalidade do Site.<\/p>\n<\/li>\n<li>\n<p><strong>Altera\u00e7\u00f5es \u00e0 Pol\u00edtica de Cookies<\/strong><\/p>\n<p>Esta Pol\u00edtica de Cookies pode ser atualizada periodicamente para refletir altera\u00e7\u00f5es nas pr\u00e1ticas de cookies. Esta Pol\u00edtica de Cookies pode ser atualizada periodicamente para refletir altera\u00e7\u00f5es nas pr\u00e1ticas de cookies.<\/p>\n<\/li>\n<li>\n<p><strong>Contato<\/strong><\/p>\n<p>Se tiver alguma d\u00favida ou preocupa\u00e7\u00e3o sobre esta Pol\u00edtica de Cookies, pode contactar-nos atrav\u00e9s da p\u00e1gina de contactos.<\/p>\n<\/li>\n<\/ol>\t\t\t\t\t\t<\/div>\n\t\t\t\t<\/div>\n\t\t\t\t\t<\/div>\n\t\t\t\t<\/div>\n\t\t\t\t\t<\/div>\n\t\t\t\t<\/div>\n\t\t\t\t<\/div>\n\t\t","protected":false},"excerpt":{"rendered":"<p>Pol\u00edtica de cookies Introdu\u00e7\u00e3o Esta Pol\u00edtica de Cookies tem como objetivo inform\u00e1-lo sobre o uso de cookies e tecnologias semelhantes no site [Nombre del Sitio Web] (doravante, o &#8220;Site&#8221;). Ao acessar e utilizar o Site, voc\u00ea concorda com o uso de cookies de acordo com esta pol\u00edtica. Caso n\u00e3o concorde com a utiliza\u00e7\u00e3o de cookies, [&hellip;]<\/p>\n","protected":false},"author":1,"featured_media":0,"parent":0,"menu_order":0,"comment_status":"closed","ping_status":"closed","template":"","meta":{"_acf_changed":false,"footnotes":""},"acf":[],"_links":{"self":[{"href":"https:\/\/www.bedsrevenue.com\/pt-pt\/wp-json\/wp\/v2\/pages\/2045"}],"collection":[{"href":"https:\/\/www.bedsrevenue.com\/pt-pt\/wp-json\/wp\/v2\/pages"}],"about":[{"href":"https:\/\/www.bedsrevenue.com\/pt-pt\/wp-json\/wp\/v2\/types\/page"}],"author":[{"embeddable":true,"href":"https:\/\/www.bedsrevenue.com\/pt-pt\/wp-json\/wp\/v2\/users\/1"}],"replies":[{"embeddable":true,"href":"https:\/\/www.bedsrevenue.com\/pt-pt\/wp-json\/wp\/v2\/comments?post=2045"}],"version-history":[{"count":3,"href":"https:\/\/www.bedsrevenue.com\/pt-pt\/wp-json\/wp\/v2\/pages\/2045\/revisions"}],"predecessor-version":[{"id":2321,"href":"https:\/\/www.bedsrevenue.com\/pt-pt\/wp-json\/wp\/v2\/pages\/2045\/revisions\/2321"}],"wp:attachment":[{"href":"https:\/\/www.bedsrevenue.com\/pt-pt\/wp-json\/wp\/v2\/media?parent=2045"}],"curies":[{"name":"wp","href":"https:\/\/api.w.org\/{rel}","templated":true}]}}