{"id":2049,"date":"2023-12-29T10:35:06","date_gmt":"2023-12-29T10:35:06","guid":{"rendered":"https:\/\/www.bedsrevenue.com\/tecnologia\/"},"modified":"2024-02-14T09:53:51","modified_gmt":"2024-02-14T09:53:51","slug":"tecnologia","status":"publish","type":"page","link":"https:\/\/www.bedsrevenue.com\/pt-pt\/tecnologia\/","title":{"rendered":"Tecnolog\u00eda"},"content":{"rendered":"\t\t<div data-elementor-type=\"wp-page\" data-elementor-id=\"2049\" class=\"elementor elementor-2049 elementor-552\" data-elementor-post-type=\"page\">\n\t\t\t\t<div class=\"elementor-element elementor-element-9126373 e-flex e-con-boxed e-con e-parent\" data-id=\"9126373\" data-element_type=\"container\" data-settings=\"{&quot;background_background&quot;:&quot;video&quot;,&quot;background_video_link&quot;:&quot;https:\\\/\\\/www.bedsrevenue.com\\\/wp-content\\\/uploads\\\/2024\\\/01\\\/Tecnologia.mp4&quot;,&quot;content_width&quot;:&quot;boxed&quot;}\" data-core-v316-plus=\"true\">\n\t\t\t\t\t<div class=\"e-con-inner\">\n\t\t<div class=\"elementor-background-video-container elementor-hidden-phone\">\n\t\t\t\t\t\t\t<video class=\"elementor-background-video-hosted elementor-html5-video\" autoplay muted playsinline loop><\/video>\n\t\t\t\t\t<\/div><div class=\"elementor-element elementor-element-a52c211 e-flex e-con-boxed e-con e-child\" data-id=\"a52c211\" data-element_type=\"container\" data-settings=\"{&quot;content_width&quot;:&quot;boxed&quot;}\">\n\t\t\t\t\t<div class=\"e-con-inner\">\n\t\t\t\t<div class=\"elementor-element elementor-element-83b7276 elementor-invisible elementor-widget elementor-widget-heading\" data-id=\"83b7276\" data-element_type=\"widget\" data-settings=\"{&quot;_animation&quot;:&quot;fadeInUp&quot;}\" data-widget_type=\"heading.default\">\n\t\t\t\t<div class=\"elementor-widget-container\">\n\t\t\t<style>\/*! elementor - v3.19.0 - 28-02-2024 *\/\n.elementor-heading-title{padding:0;margin:0;line-height:1}.elementor-widget-heading .elementor-heading-title[class*=elementor-size-]>a{color:inherit;font-size:inherit;line-height:inherit}.elementor-widget-heading .elementor-heading-title.elementor-size-small{font-size:15px}.elementor-widget-heading .elementor-heading-title.elementor-size-medium{font-size:19px}.elementor-widget-heading .elementor-heading-title.elementor-size-large{font-size:29px}.elementor-widget-heading .elementor-heading-title.elementor-size-xl{font-size:39px}.elementor-widget-heading .elementor-heading-title.elementor-size-xxl{font-size:59px}<\/style><h2 class=\"elementor-heading-title elementor-size-default\">TECNOLOGIA<\/h2>\t\t<\/div>\n\t\t\t\t<\/div>\n\t\t\t\t\t<\/div>\n\t\t\t\t<\/div>\n\t\t\t\t\t<\/div>\n\t\t\t\t<\/div>\n\t\t<div class=\"elementor-element elementor-element-57128a0 e-flex e-con-boxed e-con e-parent\" data-id=\"57128a0\" data-element_type=\"container\" data-settings=\"{&quot;background_background&quot;:&quot;classic&quot;,&quot;content_width&quot;:&quot;boxed&quot;}\" data-core-v316-plus=\"true\">\n\t\t\t\t\t<div class=\"e-con-inner\">\n\t\t<div class=\"elementor-element elementor-element-8b04e74 e-flex e-con-boxed e-con e-child\" data-id=\"8b04e74\" data-element_type=\"container\" data-settings=\"{&quot;background_background&quot;:&quot;classic&quot;,&quot;content_width&quot;:&quot;boxed&quot;}\">\n\t\t\t\t\t<div class=\"e-con-inner\">\n\t\t<div class=\"elementor-element elementor-element-5b38b86 e-con-full e-flex e-con e-child\" data-id=\"5b38b86\" data-element_type=\"container\" data-settings=\"{&quot;content_width&quot;:&quot;full&quot;}\">\n\t\t\t\t<div class=\"elementor-element elementor-element-73dffa9 elementor-invisible elementor-widget elementor-widget-heading\" data-id=\"73dffa9\" data-element_type=\"widget\" data-settings=\"{&quot;_animation&quot;:&quot;fadeInUp&quot;}\" data-widget_type=\"heading.default\">\n\t\t\t\t<div class=\"elementor-widget-container\">\n\t\t\t<h1 class=\"elementor-heading-title elementor-size-default\">Digitaliza\u00e7\u00e3o<\/h1>\t\t<\/div>\n\t\t\t\t<\/div>\n\t\t\t\t<div class=\"elementor-element elementor-element-be50ed2 elementor-invisible elementor-widget elementor-widget-heading\" data-id=\"be50ed2\" data-element_type=\"widget\" data-settings=\"{&quot;_animation&quot;:&quot;fadeInUp&quot;}\" data-widget_type=\"heading.default\">\n\t\t\t\t<div class=\"elementor-widget-container\">\n\t\t\t<h1 class=\"elementor-heading-title elementor-size-default\">\u00e9 hoje<\/h1>\t\t<\/div>\n\t\t\t\t<\/div>\n\t\t\t\t<\/div>\n\t\t<div class=\"elementor-element elementor-element-c1a816f e-con-full e-flex e-con e-child\" data-id=\"c1a816f\" data-element_type=\"container\" data-settings=\"{&quot;content_width&quot;:&quot;full&quot;}\">\n\t\t\t\t<div class=\"elementor-element elementor-element-4d1e972 elementor-widget-mobile__width-inherit elementor-invisible elementor-widget elementor-widget-text-editor\" data-id=\"4d1e972\" data-element_type=\"widget\" data-settings=\"{&quot;_animation&quot;:&quot;fadeInRight&quot;}\" data-widget_type=\"text-editor.default\">\n\t\t\t\t<div class=\"elementor-widget-container\">\n\t\t\t<style>\/*! elementor - v3.19.0 - 28-02-2024 *\/\n.elementor-widget-text-editor.elementor-drop-cap-view-stacked .elementor-drop-cap{background-color:#69727d;color:#fff}.elementor-widget-text-editor.elementor-drop-cap-view-framed .elementor-drop-cap{color:#69727d;border:3px solid;background-color:transparent}.elementor-widget-text-editor:not(.elementor-drop-cap-view-default) .elementor-drop-cap{margin-top:8px}.elementor-widget-text-editor:not(.elementor-drop-cap-view-default) .elementor-drop-cap-letter{width:1em;height:1em}.elementor-widget-text-editor .elementor-drop-cap{float:left;text-align:center;line-height:1;font-size:50px}.elementor-widget-text-editor .elementor-drop-cap-letter{display:inline-block}<\/style>\t\t\t\t<p>Na Bedsrevenue fazemos parte do WE LOVE DATA: gest\u00e3o hoteleira digitalizada. Juntamente com os melhores parceiros tecnol\u00f3gicos, oferecemos assessoria, gest\u00e3o e consultoria tecnol\u00f3gica, criando um ecossistema tecnol\u00f3gico que garante os melhores resultados e permite enfrentar o futuro com garantias.<\/p>\n\t\t\t\t\t\t<\/div>\n\t\t\t\t<\/div>\n\t\t\t\t<div class=\"elementor-element elementor-element-6460f5e elementor-invisible elementor-widget elementor-widget-image\" data-id=\"6460f5e\" data-element_type=\"widget\" data-settings=\"{&quot;_animation&quot;:&quot;fadeInUp&quot;}\" data-widget_type=\"image.default\">\n\t\t\t\t<div class=\"elementor-widget-container\">\n\t\t\t<style>\/*! elementor - v3.19.0 - 28-02-2024 *\/\n.elementor-widget-image{text-align:center}.elementor-widget-image a{display:inline-block}.elementor-widget-image a img[src$=\".svg\"]{width:48px}.elementor-widget-image img{vertical-align:middle;display:inline-block}<\/style>\t\t\t\t\t\t\t\t\t\t<img fetchpriority=\"high\" decoding=\"async\" width=\"267\" height=\"224\" src=\"https:\/\/www.bedsrevenue.com\/wp-content\/uploads\/2023\/12\/we-love-data.png\" class=\"attachment-full size-full wp-image-563\" alt=\"\" \/>\t\t\t\t\t\t\t\t\t\t\t\t\t<\/div>\n\t\t\t\t<\/div>\n\t\t\t\t<\/div>\n\t\t\t\t\t<\/div>\n\t\t\t\t<\/div>\n\t\t<div class=\"elementor-element elementor-element-6635f25 e-flex e-con-boxed e-con e-child\" data-id=\"6635f25\" data-element_type=\"container\" data-settings=\"{&quot;content_width&quot;:&quot;boxed&quot;}\">\n\t\t\t\t\t<div class=\"e-con-inner\">\n\t\t\t\t<div class=\"elementor-element elementor-element-6587402 elementor-invisible elementor-widget elementor-widget-heading\" data-id=\"6587402\" data-element_type=\"widget\" data-settings=\"{&quot;_animation&quot;:&quot;fadeInUp&quot;}\" data-widget_type=\"heading.default\">\n\t\t\t\t<div class=\"elementor-widget-container\">\n\t\t\t<h2 class=\"elementor-heading-title elementor-size-default\">Baseamo-nos em tr\u00eas premissas b\u00e1sicas:<\/h2>\t\t<\/div>\n\t\t\t\t<\/div>\n\t\t\t\t\t<\/div>\n\t\t\t\t<\/div>\n\t\t<div class=\"elementor-element elementor-element-3a5769b e-flex e-con-boxed e-con e-child\" data-id=\"3a5769b\" data-element_type=\"container\" data-settings=\"{&quot;content_width&quot;:&quot;boxed&quot;}\">\n\t\t\t\t\t<div class=\"e-con-inner\">\n\t\t<div class=\"elementor-element elementor-element-77ef331 e-con-full e-flex elementor-invisible e-con e-child\" data-id=\"77ef331\" data-element_type=\"container\" data-settings=\"{&quot;content_width&quot;:&quot;full&quot;,&quot;background_background&quot;:&quot;classic&quot;,&quot;animation&quot;:&quot;fadeInUp&quot;}\">\n\t\t\t\t<div class=\"elementor-element elementor-element-24bef3a elementor-widget__width-initial elementor-widget elementor-widget-heading\" data-id=\"24bef3a\" data-element_type=\"widget\" data-widget_type=\"heading.default\">\n\t\t\t\t<div class=\"elementor-widget-container\">\n\t\t\t<h4 class=\"elementor-heading-title elementor-size-default\">Funcionalidade<\/h4>\t\t<\/div>\n\t\t\t\t<\/div>\n\t\t\t\t<\/div>\n\t\t<div class=\"elementor-element elementor-element-fe25316 e-con-full e-flex elementor-invisible e-con e-child\" data-id=\"fe25316\" data-element_type=\"container\" data-settings=\"{&quot;content_width&quot;:&quot;full&quot;,&quot;background_background&quot;:&quot;classic&quot;,&quot;animation&quot;:&quot;fadeInUp&quot;,&quot;animation_delay&quot;:200}\">\n\t\t\t\t<div class=\"elementor-element elementor-element-f634dea elementor-widget__width-initial elementor-widget elementor-widget-heading\" data-id=\"f634dea\" data-element_type=\"widget\" data-widget_type=\"heading.default\">\n\t\t\t\t<div class=\"elementor-widget-container\">\n\t\t\t<h4 class=\"elementor-heading-title elementor-size-default\">Crescimento<\/h4>\t\t<\/div>\n\t\t\t\t<\/div>\n\t\t\t\t<\/div>\n\t\t<div class=\"elementor-element elementor-element-6885fd4 e-con-full e-flex elementor-invisible e-con e-child\" data-id=\"6885fd4\" data-element_type=\"container\" data-settings=\"{&quot;content_width&quot;:&quot;full&quot;,&quot;background_background&quot;:&quot;classic&quot;,&quot;animation&quot;:&quot;fadeInUp&quot;,&quot;animation_delay&quot;:300}\">\n\t\t\t\t<div class=\"elementor-element elementor-element-f1e32f4 elementor-widget__width-initial elementor-widget elementor-widget-heading\" data-id=\"f1e32f4\" data-element_type=\"widget\" data-widget_type=\"heading.default\">\n\t\t\t\t<div class=\"elementor-widget-container\">\n\t\t\t<h4 class=\"elementor-heading-title elementor-size-default\">Efic\u00e1cia de custos<\/h4>\t\t<\/div>\n\t\t\t\t<\/div>\n\t\t\t\t<\/div>\n\t\t\t\t\t<\/div>\n\t\t\t\t<\/div>\n\t\t<div class=\"elementor-element elementor-element-38f4673 elementor-hidden-mobile e-flex e-con-boxed e-con e-child\" data-id=\"38f4673\" data-element_type=\"container\" data-settings=\"{&quot;content_width&quot;:&quot;boxed&quot;}\">\n\t\t\t\t\t<div class=\"e-con-inner\">\n\t\t<div class=\"elementor-element elementor-element-8a3651c e-con-full e-flex e-con e-child\" data-id=\"8a3651c\" data-element_type=\"container\" data-settings=\"{&quot;content_width&quot;:&quot;full&quot;}\">\n\t\t\t\t<div class=\"elementor-element elementor-element-54783af elementor-widget elementor-widget-image\" data-id=\"54783af\" data-element_type=\"widget\" data-widget_type=\"image.default\">\n\t\t\t\t<div class=\"elementor-widget-container\">\n\t\t\t\t\t\t\t\t\t\t\t\t\t<img decoding=\"async\" width=\"385\" height=\"384\" src=\"https:\/\/www.bedsrevenue.com\/wp-content\/uploads\/2024\/01\/back-somb.png\" class=\"attachment-full size-full wp-image-632\" alt=\"\" srcset=\"https:\/\/www.bedsrevenue.com\/wp-content\/uploads\/2024\/01\/back-somb.png 385w, https:\/\/www.bedsrevenue.com\/wp-content\/uploads\/2024\/01\/back-somb-300x300.png 300w, https:\/\/www.bedsrevenue.com\/wp-content\/uploads\/2024\/01\/back-somb-150x150.png 150w\" sizes=\"(max-width: 385px) 100vw, 385px\" \/>\t\t\t\t\t\t\t\t\t\t\t\t\t<\/div>\n\t\t\t\t<\/div>\n\t\t\t\t<\/div>\n\t\t<div class=\"elementor-element elementor-element-3595f09 e-con-full e-flex e-con e-child\" data-id=\"3595f09\" data-element_type=\"container\" data-settings=\"{&quot;content_width&quot;:&quot;full&quot;}\">\n\t\t\t\t<div class=\"elementor-element elementor-element-9f59478 e-transform elementor-widget elementor-widget-image\" data-id=\"9f59478\" data-element_type=\"widget\" data-settings=\"{&quot;_transform_rotateZ_effect&quot;:{&quot;unit&quot;:&quot;px&quot;,&quot;size&quot;:190,&quot;sizes&quot;:[]},&quot;_transform_rotateZ_effect_tablet&quot;:{&quot;unit&quot;:&quot;deg&quot;,&quot;size&quot;:&quot;&quot;,&quot;sizes&quot;:[]},&quot;_transform_rotateZ_effect_mobile&quot;:{&quot;unit&quot;:&quot;deg&quot;,&quot;size&quot;:&quot;&quot;,&quot;sizes&quot;:[]}}\" data-widget_type=\"image.default\">\n\t\t\t\t<div class=\"elementor-widget-container\">\n\t\t\t\t\t\t\t\t\t\t\t\t\t<img decoding=\"async\" width=\"385\" height=\"384\" src=\"https:\/\/www.bedsrevenue.com\/wp-content\/uploads\/2024\/01\/back-somb.png\" class=\"attachment-full size-full wp-image-632\" alt=\"\" srcset=\"https:\/\/www.bedsrevenue.com\/wp-content\/uploads\/2024\/01\/back-somb.png 385w, https:\/\/www.bedsrevenue.com\/wp-content\/uploads\/2024\/01\/back-somb-300x300.png 300w, https:\/\/www.bedsrevenue.com\/wp-content\/uploads\/2024\/01\/back-somb-150x150.png 150w\" sizes=\"(max-width: 385px) 100vw, 385px\" \/>\t\t\t\t\t\t\t\t\t\t\t\t\t<\/div>\n\t\t\t\t<\/div>\n\t\t\t\t<\/div>\n\t\t<div class=\"elementor-element elementor-element-30a65c5 e-con-full e-flex e-con e-child\" data-id=\"30a65c5\" data-element_type=\"container\" data-settings=\"{&quot;content_width&quot;:&quot;full&quot;}\">\n\t\t\t\t<div class=\"elementor-element elementor-element-1e16595 e-transform e-transform elementor-widget elementor-widget-image\" data-id=\"1e16595\" data-element_type=\"widget\" data-settings=\"{&quot;_transform_rotateZ_effect&quot;:{&quot;unit&quot;:&quot;px&quot;,&quot;size&quot;:-166,&quot;sizes&quot;:[]},&quot;_transform_flipY_effect&quot;:&quot;transform&quot;,&quot;_transform_rotateZ_effect_tablet&quot;:{&quot;unit&quot;:&quot;deg&quot;,&quot;size&quot;:&quot;&quot;,&quot;sizes&quot;:[]},&quot;_transform_rotateZ_effect_mobile&quot;:{&quot;unit&quot;:&quot;deg&quot;,&quot;size&quot;:&quot;&quot;,&quot;sizes&quot;:[]}}\" data-widget_type=\"image.default\">\n\t\t\t\t<div class=\"elementor-widget-container\">\n\t\t\t\t\t\t\t\t\t\t\t\t\t<img decoding=\"async\" width=\"385\" height=\"384\" src=\"https:\/\/www.bedsrevenue.com\/wp-content\/uploads\/2024\/01\/back-somb.png\" class=\"attachment-full size-full wp-image-632\" alt=\"\" srcset=\"https:\/\/www.bedsrevenue.com\/wp-content\/uploads\/2024\/01\/back-somb.png 385w, https:\/\/www.bedsrevenue.com\/wp-content\/uploads\/2024\/01\/back-somb-300x300.png 300w, https:\/\/www.bedsrevenue.com\/wp-content\/uploads\/2024\/01\/back-somb-150x150.png 150w\" sizes=\"(max-width: 385px) 100vw, 385px\" \/>\t\t\t\t\t\t\t\t\t\t\t\t\t<\/div>\n\t\t\t\t<\/div>\n\t\t\t\t<\/div>\n\t\t\t\t\t<\/div>\n\t\t\t\t<\/div>\n\t\t\t\t\t<\/div>\n\t\t\t\t<\/div>\n\t\t<div class=\"elementor-element elementor-element-8acc2b9 e-flex e-con-boxed e-con e-parent\" data-id=\"8acc2b9\" data-element_type=\"container\" data-settings=\"{&quot;background_background&quot;:&quot;classic&quot;,&quot;content_width&quot;:&quot;boxed&quot;}\" data-core-v316-plus=\"true\">\n\t\t\t\t\t<div class=\"e-con-inner\">\n\t\t<div class=\"elementor-element elementor-element-0a5d0b3 e-con-full e-flex e-con e-child\" data-id=\"0a5d0b3\" data-element_type=\"container\" data-settings=\"{&quot;background_background&quot;:&quot;classic&quot;,&quot;content_width&quot;:&quot;full&quot;}\">\n\t\t<div class=\"elementor-element elementor-element-9d2efc6 e-con-full e-flex e-con e-child\" data-id=\"9d2efc6\" data-element_type=\"container\" data-settings=\"{&quot;content_width&quot;:&quot;full&quot;}\">\n\t\t\t\t<div class=\"elementor-element elementor-element-d9258c9 elementor-invisible elementor-widget elementor-widget-image\" data-id=\"d9258c9\" data-element_type=\"widget\" data-settings=\"{&quot;_animation&quot;:&quot;fadeInLeft&quot;}\" data-widget_type=\"image.default\">\n\t\t\t\t<div class=\"elementor-widget-container\">\n\t\t\t\t\t\t\t\t\t\t\t\t\t<img decoding=\"async\" width=\"328\" height=\"116\" src=\"https:\/\/www.bedsrevenue.com\/wp-content\/uploads\/2023\/12\/revtool-img-removebg-preview.png\" class=\"attachment-full size-full wp-image-581\" alt=\"\" srcset=\"https:\/\/www.bedsrevenue.com\/wp-content\/uploads\/2023\/12\/revtool-img-removebg-preview.png 328w, https:\/\/www.bedsrevenue.com\/wp-content\/uploads\/2023\/12\/revtool-img-removebg-preview-300x106.png 300w\" sizes=\"(max-width: 328px) 100vw, 328px\" \/>\t\t\t\t\t\t\t\t\t\t\t\t\t<\/div>\n\t\t\t\t<\/div>\n\t\t\t\t<\/div>\n\t\t<div class=\"elementor-element elementor-element-d5fbad2 e-con-full e-flex e-con e-child\" data-id=\"d5fbad2\" data-element_type=\"container\" data-settings=\"{&quot;content_width&quot;:&quot;full&quot;}\">\n\t\t\t\t<div class=\"elementor-element elementor-element-5473a4b elementor-invisible elementor-widget elementor-widget-heading\" data-id=\"5473a4b\" data-element_type=\"widget\" data-settings=\"{&quot;_animation&quot;:&quot;fadeInUp&quot;}\" data-widget_type=\"heading.default\">\n\t\t\t\t<div class=\"elementor-widget-container\">\n\t\t\t<h4 class=\"elementor-heading-title elementor-size-default\">Processamento massivo de dados para gera\u00e7\u00e3o de relat\u00f3rios importantes.<\/h4>\t\t<\/div>\n\t\t\t\t<\/div>\n\t\t\t\t<div class=\"elementor-element elementor-element-4086118 elementor-widget-mobile__width-inherit elementor-invisible elementor-widget elementor-widget-text-editor\" data-id=\"4086118\" data-element_type=\"widget\" data-settings=\"{&quot;_animation&quot;:&quot;fadeInUp&quot;,&quot;_animation_delay&quot;:200}\" data-widget_type=\"text-editor.default\">\n\t\t\t\t<div class=\"elementor-widget-container\">\n\t\t\t\t\t\t\t<p>Revtool, nosso RMS 360\u00ba (abrangente), \u00e9 o programa de gest\u00e3o hoteleira que utilizamos para gerenciar e analisar os dados massivos de cada hotel. Gera relat\u00f3rios chave na estrat\u00e9gia de Revenue Management e integra-se perfeitamente com os principais sistemas PMS do mercado.<\/p>\n<p>Cuidamos da estrutura\u00e7\u00e3o dos dados de nossos clientes, garantindo que nossos RMS e sistemas de controle tenham informa\u00e7\u00f5es precisas. Garantindo maior efic\u00e1cia na implementa\u00e7\u00e3o da estrat\u00e9gia de Revenue Management desenhada e maximizando os resultados de cada hotel.<\/p>\n\t\t\t\t\t\t<\/div>\n\t\t\t\t<\/div>\n\t\t\t\t<\/div>\n\t\t\t\t<\/div>\n\t\t\t\t\t<\/div>\n\t\t\t\t<\/div>\n\t\t<div class=\"elementor-element elementor-element-b5f74ed e-flex e-con-boxed e-con e-parent\" data-id=\"b5f74ed\" data-element_type=\"container\" data-settings=\"{&quot;background_background&quot;:&quot;classic&quot;,&quot;content_width&quot;:&quot;boxed&quot;}\" data-core-v316-plus=\"true\">\n\t\t\t\t\t<div class=\"e-con-inner\">\n\t\t<div class=\"elementor-element elementor-element-f0de423 e-flex e-con-boxed e-con e-child\" data-id=\"f0de423\" data-element_type=\"container\" data-settings=\"{&quot;background_background&quot;:&quot;classic&quot;,&quot;content_width&quot;:&quot;boxed&quot;}\">\n\t\t\t\t\t<div class=\"e-con-inner\">\n\t\t<div class=\"elementor-element elementor-element-0d75eae e-con-full e-flex e-con e-child\" data-id=\"0d75eae\" data-element_type=\"container\" data-settings=\"{&quot;content_width&quot;:&quot;full&quot;}\">\n\t\t\t\t<div class=\"elementor-element elementor-element-7f50050 elementor-invisible elementor-widget elementor-widget-image\" data-id=\"7f50050\" data-element_type=\"widget\" data-settings=\"{&quot;_animation&quot;:&quot;fadeInLeft&quot;}\" data-widget_type=\"image.default\">\n\t\t\t\t<div class=\"elementor-widget-container\">\n\t\t\t\t\t\t\t\t\t\t\t\t\t<img loading=\"lazy\" decoding=\"async\" width=\"381\" height=\"168\" src=\"https:\/\/www.bedsrevenue.com\/wp-content\/uploads\/2023\/12\/deep-removebg-preview.png\" class=\"attachment-full size-full wp-image-585\" alt=\"\" srcset=\"https:\/\/www.bedsrevenue.com\/wp-content\/uploads\/2023\/12\/deep-removebg-preview.png 381w, https:\/\/www.bedsrevenue.com\/wp-content\/uploads\/2023\/12\/deep-removebg-preview-300x132.png 300w\" sizes=\"(max-width: 381px) 100vw, 381px\" \/>\t\t\t\t\t\t\t\t\t\t\t\t\t<\/div>\n\t\t\t\t<\/div>\n\t\t\t\t<\/div>\n\t\t<div class=\"elementor-element elementor-element-29f212b e-con-full e-flex e-con e-child\" data-id=\"29f212b\" data-element_type=\"container\" data-settings=\"{&quot;content_width&quot;:&quot;full&quot;}\">\n\t\t\t\t<div class=\"elementor-element elementor-element-875113a elementor-invisible elementor-widget elementor-widget-heading\" data-id=\"875113a\" data-element_type=\"widget\" data-settings=\"{&quot;_animation&quot;:&quot;fadeInUp&quot;}\" data-widget_type=\"heading.default\">\n\t\t\t\t<div class=\"elementor-widget-container\">\n\t\t\t<h4 class=\"elementor-heading-title elementor-size-default\">Uma IA exclusiva para upsell e vendas cruzadas de hot\u00e9is <\/h4>\t\t<\/div>\n\t\t\t\t<\/div>\n\t\t\t\t<div class=\"elementor-element elementor-element-aec4460 elementor-widget-mobile__width-inherit elementor-invisible elementor-widget elementor-widget-text-editor\" data-id=\"aec4460\" data-element_type=\"widget\" data-settings=\"{&quot;_animation&quot;:&quot;fadeInUp&quot;,&quot;_animation_delay&quot;:200}\" data-widget_type=\"text-editor.default\">\n\t\t\t\t<div class=\"elementor-widget-container\">\n\t\t\t\t\t\t\t<p>A Deepupsell analisa o comportamento dos h\u00f3spedes e informa \u00e0 equipe de recep\u00e7\u00e3o quais produtos e servi\u00e7os s\u00e3o mais adequados para satisfaz\u00ea-los, melhorando sua experi\u00eancia. Sem setup ou mapeamento, integrado ao PMS, o objetivo do Deepupsell \u00e9 aumentar a receita complementar do seu neg\u00f3cio e melhorar sua rentabilidade. Sempre oferecendo aos h\u00f3spedes op\u00e7\u00f5es relevantes e personalizadas.<\/p>\n<p>Intelig\u00eancia artificial ao servi\u00e7o do hoteleiro, por um custo m\u00ednimo, o que \u00e9 essencial para rentabilizar o seu neg\u00f3cio e aumentar os seus rendimentos.<\/p>\n\t\t\t\t\t\t<\/div>\n\t\t\t\t<\/div>\n\t\t\t\t<\/div>\n\t\t\t\t\t<\/div>\n\t\t\t\t<\/div>\n\t\t\t\t\t<\/div>\n\t\t\t\t<\/div>\n\t\t\t\t<\/div>\n\t\t","protected":false},"excerpt":{"rendered":"<p>TECNOLOGIA Digitaliza\u00e7\u00e3o \u00e9 hoje Na Bedsrevenue fazemos parte do WE LOVE DATA: gest\u00e3o hoteleira digitalizada. Juntamente com os melhores parceiros tecnol\u00f3gicos, oferecemos assessoria, gest\u00e3o e consultoria tecnol\u00f3gica, criando um ecossistema tecnol\u00f3gico que garante os melhores resultados e permite enfrentar o futuro com garantias. Baseamo-nos em tr\u00eas premissas b\u00e1sicas: Funcionalidade Crescimento Efic\u00e1cia de custos Processamento massivo [&hellip;]<\/p>\n","protected":false},"author":1,"featured_media":0,"parent":0,"menu_order":0,"comment_status":"closed","ping_status":"closed","template":"","meta":{"_acf_changed":false,"footnotes":""},"acf":[],"_links":{"self":[{"href":"https:\/\/www.bedsrevenue.com\/pt-pt\/wp-json\/wp\/v2\/pages\/2049"}],"collection":[{"href":"https:\/\/www.bedsrevenue.com\/pt-pt\/wp-json\/wp\/v2\/pages"}],"about":[{"href":"https:\/\/www.bedsrevenue.com\/pt-pt\/wp-json\/wp\/v2\/types\/page"}],"author":[{"embeddable":true,"href":"https:\/\/www.bedsrevenue.com\/pt-pt\/wp-json\/wp\/v2\/users\/1"}],"replies":[{"embeddable":true,"href":"https:\/\/www.bedsrevenue.com\/pt-pt\/wp-json\/wp\/v2\/comments?post=2049"}],"version-history":[{"count":1,"href":"https:\/\/www.bedsrevenue.com\/pt-pt\/wp-json\/wp\/v2\/pages\/2049\/revisions"}],"predecessor-version":[{"id":2050,"href":"https:\/\/www.bedsrevenue.com\/pt-pt\/wp-json\/wp\/v2\/pages\/2049\/revisions\/2050"}],"wp:attachment":[{"href":"https:\/\/www.bedsrevenue.com\/pt-pt\/wp-json\/wp\/v2\/media?parent=2049"}],"curies":[{"name":"wp","href":"https:\/\/api.w.org\/{rel}","templated":true}]}}